{"id":6,"date":"2023-09-25T20:57:41","date_gmt":"2023-09-25T18:57:41","guid":{"rendered":"https:\/\/ct14.escalade-normandie.com\/?page_id=6"},"modified":"2024-04-18T08:01:17","modified_gmt":"2024-04-18T06:01:17","slug":"accueil","status":"publish","type":"page","link":"https:\/\/ct14.escalade-normandie.com\/","title":{"rendered":"Accueil"},"content":{"rendered":"\n<p class=\"has-vivid-red-color has-text-color\">                          <strong> Attention \u26a0\ufe0f <\/strong><\/p>\n\n\n\n<p class=\"has-text-align-center\"><strong>Fermeture de certains secteurs du site de Cl\u00e9cy pour <\/strong>r\u00e9\u00e9quipement. <\/p>\n\n\n\n<p class=\"has-text-align-center\"><strong>Interdiction formelle de grimper<\/strong>.<\/p>\n\n\n\n<p class=\"has-text-align-center\">Informations disponibles sur Facebook et Instagram <\/p>\n\n\n\n<p class=\"has-text-align-center\"><\/p>\n\n\n\n<p><\/p>\n","protected":false},"excerpt":{"rendered":"<p>Attention \u26a0\ufe0f Fermeture de certains secteurs du site de Cl\u00e9cy pour r\u00e9\u00e9quipement. Interdiction formelle de grimper. Informations disponibles sur Facebook et Instagram<\/p>\n","protected":false},"author":2,"featured_media":0,"parent":0,"menu_order":0,"comment_status":"closed","ping_status":"closed","template":"","meta":{"footnotes":""},"aioseo_notices":[],"_links":{"self":[{"href":"https:\/\/ct14.escalade-normandie.com\/index.php\/wp-json\/wp\/v2\/pages\/6"}],"collection":[{"href":"https:\/\/ct14.escalade-normandie.com\/index.php\/wp-json\/wp\/v2\/pages"}],"about":[{"href":"https:\/\/ct14.escalade-normandie.com\/index.php\/wp-json\/wp\/v2\/types\/page"}],"author":[{"embeddable":true,"href":"https:\/\/ct14.escalade-normandie.com\/index.php\/wp-json\/wp\/v2\/users\/2"}],"replies":[{"embeddable":true,"href":"https:\/\/ct14.escalade-normandie.com\/index.php\/wp-json\/wp\/v2\/comments?post=6"}],"version-history":[{"count":18,"href":"https:\/\/ct14.escalade-normandie.com\/index.php\/wp-json\/wp\/v2\/pages\/6\/revisions"}],"predecessor-version":[{"id":113,"href":"https:\/\/ct14.escalade-normandie.com\/index.php\/wp-json\/wp\/v2\/pages\/6\/revisions\/113"}],"wp:attachment":[{"href":"https:\/\/ct14.escalade-normandie.com\/index.php\/wp-json\/wp\/v2\/media?parent=6"}],"curies":[{"name":"wp","href":"https:\/\/api.w.org\/{rel}","templated":true}]}}